{"id":416,"date":"2019-04-19T07:05:14","date_gmt":"2019-04-19T07:05:14","guid":{"rendered":"http:\/\/demo.sparklewpthemes.com\/constructionlight\/?page_id=416"},"modified":"2022-07-17T20:48:27","modified_gmt":"2022-07-17T23:48:27","slug":"we-realize-your-dream","status":"publish","type":"page","link":"https:\/\/betonbento.com.br\/index.php\/we-realize-your-dream\/","title":{"rendered":"Galp\u00f5es"},"content":{"rendered":"\n<p>Galp\u00f5es pr\u00e9-fabricados de Concreto para diversos usos como:<\/p>\n\n\n\n<ul><li>Agropecu\u00e1rio: avi\u00e1rio,&#8221;compost barn&#8221;, su\u00ednos, carneiros;<\/li><li>Comercial: dep\u00f3sitos, oficinas, lojas;<\/li><li>Industrial<\/li><\/ul>\n\n\n\n<figure class=\"wp-block-table\"><table><tbody><tr><td><\/td><td>V\u00e3o Livre<\/td><td>P\u00e9 Direito<\/td><\/tr><tr><td>Dimens\u00e3o <\/td><td>at\u00e9 <strong>19,65m<\/strong><\/td><td>at\u00e9 <strong>8,5m<\/strong><\/td><\/tr><\/tbody><\/table><\/figure>\n\n\n\n<figure class=\"wp-block-image size-large\"><img loading=\"lazy\" width=\"793\" height=\"741\" src=\"http:\/\/betonbento.com.br\/wp-content\/uploads\/2021\/05\/Galpao-tecnica.png\" alt=\"\" class=\"wp-image-722\" srcset=\"https:\/\/betonbento.com.br\/wp-content\/uploads\/2021\/05\/Galpao-tecnica.png 793w, https:\/\/betonbento.com.br\/wp-content\/uploads\/2021\/05\/Galpao-tecnica-300x280.png 300w, https:\/\/betonbento.com.br\/wp-content\/uploads\/2021\/05\/Galpao-tecnica-768x718.png 768w\" sizes=\"(max-width: 793px) 100vw, 793px\" \/><\/figure>\n\n\n\n<figure class=\"wp-block-image size-large\"><img loading=\"lazy\" width=\"1024\" height=\"680\" src=\"http:\/\/betonbento.com.br\/wp-content\/uploads\/2021\/05\/Distante.jpg\" alt=\"\" class=\"wp-image-726\" srcset=\"https:\/\/betonbento.com.br\/wp-content\/uploads\/2021\/05\/Distante.jpg 1024w, https:\/\/betonbento.com.br\/wp-content\/uploads\/2021\/05\/Distante-300x199.jpg 300w, https:\/\/betonbento.com.br\/wp-content\/uploads\/2021\/05\/Distante-768x510.jpg 768w\" sizes=\"(max-width: 1024px) 100vw, 1024px\" \/><figcaption>Galp\u00e3o avi\u00e1rio<\/figcaption><\/figure>\n\n\n\n<figure class=\"wp-block-image size-large\"><img loading=\"lazy\" width=\"1024\" height=\"680\" src=\"http:\/\/betonbento.com.br\/wp-content\/uploads\/2021\/05\/Galpao-Centro.jpg\" alt=\"\" class=\"wp-image-727\" srcset=\"https:\/\/betonbento.com.br\/wp-content\/uploads\/2021\/05\/Galpao-Centro.jpg 1024w, https:\/\/betonbento.com.br\/wp-content\/uploads\/2021\/05\/Galpao-Centro-300x199.jpg 300w, https:\/\/betonbento.com.br\/wp-content\/uploads\/2021\/05\/Galpao-Centro-768x510.jpg 768w\" sizes=\"(max-width: 1024px) 100vw, 1024px\" \/><figcaption>Galp\u00e3o comercial<\/figcaption><\/figure>\n","protected":false},"excerpt":{"rendered":"<p>Galp\u00f5es pr\u00e9-fabricados de Concreto para diversos usos como: Agropecu\u00e1rio: avi\u00e1rio,&#8221;compost barn&#8221;, su\u00ednos, carneiros; Comercial: dep\u00f3sitos, oficinas, lojas; Industrial V\u00e3o Livre P\u00e9 Direito Dimens\u00e3o at\u00e9 19,65m&hellip;<\/p>\n","protected":false},"author":1,"featured_media":675,"parent":0,"menu_order":0,"comment_status":"closed","ping_status":"closed","template":"","meta":{"_monsterinsights_skip_tracking":false,"_monsterinsights_sitenote_active":false,"_monsterinsights_sitenote_note":"","_monsterinsights_sitenote_category":0},"_links":{"self":[{"href":"https:\/\/betonbento.com.br\/index.php\/wp-json\/wp\/v2\/pages\/416"}],"collection":[{"href":"https:\/\/betonbento.com.br\/index.php\/wp-json\/wp\/v2\/pages"}],"about":[{"href":"https:\/\/betonbento.com.br\/index.php\/wp-json\/wp\/v2\/types\/page"}],"author":[{"embeddable":true,"href":"https:\/\/betonbento.com.br\/index.php\/wp-json\/wp\/v2\/users\/1"}],"replies":[{"embeddable":true,"href":"https:\/\/betonbento.com.br\/index.php\/wp-json\/wp\/v2\/comments?post=416"}],"version-history":[{"count":5,"href":"https:\/\/betonbento.com.br\/index.php\/wp-json\/wp\/v2\/pages\/416\/revisions"}],"predecessor-version":[{"id":896,"href":"https:\/\/betonbento.com.br\/index.php\/wp-json\/wp\/v2\/pages\/416\/revisions\/896"}],"wp:featuredmedia":[{"embeddable":true,"href":"https:\/\/betonbento.com.br\/index.php\/wp-json\/wp\/v2\/media\/675"}],"wp:attachment":[{"href":"https:\/\/betonbento.com.br\/index.php\/wp-json\/wp\/v2\/media?parent=416"}],"curies":[{"name":"wp","href":"https:\/\/api.w.org\/{rel}","templated":true}]}}