{"id":704,"date":"2021-05-25T21:39:42","date_gmt":"2021-05-26T00:39:42","guid":{"rendered":"http:\/\/betonbento.com.br\/?page_id=704"},"modified":"2021-05-29T22:16:02","modified_gmt":"2021-05-30T01:16:02","slug":"blocos","status":"publish","type":"page","link":"https:\/\/betonbento.com.br\/index.php\/blocos\/","title":{"rendered":"Blocos e Canaletas"},"content":{"rendered":"\n<p>Os blocos e canaletas de concreto da Beton Beton s\u00e3o reconhecidos \u00e0 decadas por sua for\u00e7a e resist\u00eancia. Fabricamos em diversas medidas para atender ao seu projeto.<\/p>\n\n\n\n<p><strong>Tabela com dimens\u00f5es de blocos:<\/strong><\/p>\n\n\n\n<figure class=\"wp-block-table is-style-stripes\"><table><thead><tr><th class=\"has-text-align-left\" data-align=\"left\">Tipo<\/th><th class=\"has-text-align-left\" data-align=\"left\">Dimens\u00f5es (cm)<\/th><\/tr><\/thead><tbody><tr><td class=\"has-text-align-left\" data-align=\"left\">BLOCO-010-REFOR\u00c7ADO<\/td><td class=\"has-text-align-left\" data-align=\"left\">9x19x39<\/td><\/tr><tr><td class=\"has-text-align-left\" data-align=\"left\">BLOCO-015-3FUROS<\/td><td class=\"has-text-align-left\" data-align=\"left\">14x19x39<\/td><\/tr><tr><td class=\"has-text-align-left\" data-align=\"left\">BLOCO-015-VAZADO<\/td><td class=\"has-text-align-left\" data-align=\"left\">14x19x39<\/td><\/tr><tr><td class=\"has-text-align-left\" data-align=\"left\">BLOCO-020-VAZADO<\/td><td class=\"has-text-align-left\" data-align=\"left\">19x19x39<\/td><\/tr><tr><td class=\"has-text-align-left\" data-align=\"left\">MEIO-BLOCO-010<\/td><td class=\"has-text-align-left\" data-align=\"left\">9x19x19<\/td><\/tr><tr><td class=\"has-text-align-left\" data-align=\"left\">MEIO-BLOCO-015<\/td><td class=\"has-text-align-left\" data-align=\"left\">14x19x19<\/td><\/tr><tr><td class=\"has-text-align-left\" data-align=\"left\">MEIO-BLOCO-020<\/td><td class=\"has-text-align-left\" data-align=\"left\">19x19x19<\/td><\/tr><\/tbody><\/table><\/figure>\n\n\n\n<figure class=\"wp-block-image size-large\"><img loading=\"lazy\" width=\"1000\" height=\"1000\" src=\"http:\/\/betonbento.com.br\/wp-content\/uploads\/2021\/05\/Canaleta.jpg\" alt=\"\" class=\"wp-image-794\" srcset=\"https:\/\/betonbento.com.br\/wp-content\/uploads\/2021\/05\/Canaleta.jpg 1000w, https:\/\/betonbento.com.br\/wp-content\/uploads\/2021\/05\/Canaleta-300x300.jpg 300w, https:\/\/betonbento.com.br\/wp-content\/uploads\/2021\/05\/Canaleta-150x150.jpg 150w, https:\/\/betonbento.com.br\/wp-content\/uploads\/2021\/05\/Canaleta-768x768.jpg 768w, https:\/\/betonbento.com.br\/wp-content\/uploads\/2021\/05\/Canaleta-475x475.jpg 475w\" sizes=\"(max-width: 1000px) 100vw, 1000px\" \/><\/figure>\n\n\n\n<p><strong>Tabela com dimens\u00f5es de canaletas:<\/strong><\/p>\n\n\n\n<figure class=\"wp-block-table is-style-stripes\"><table><thead><tr><th class=\"has-text-align-left\" data-align=\"left\">Tipo<\/th><th class=\"has-text-align-left\" data-align=\"left\">Dimens\u00f5es (cm)<\/th><\/tr><\/thead><tbody><tr><td class=\"has-text-align-left\" data-align=\"left\">CANALETA-015<\/td><td class=\"has-text-align-left\" data-align=\"left\">14x19x39<\/td><\/tr><tr><td class=\"has-text-align-left\" data-align=\"left\">MEIA-CANALETA-015<\/td><td class=\"has-text-align-left\" data-align=\"left\">14x19x19<\/td><\/tr><tr><td class=\"has-text-align-left\" data-align=\"left\">MEIA-CANALETA-020<\/td><td class=\"has-text-align-left\" data-align=\"left\">19x19x19<\/td><\/tr><\/tbody><\/table><\/figure>\n\n\n\n<p><\/p>\n","protected":false},"excerpt":{"rendered":"<p>Os blocos e canaletas de concreto da Beton Beton s\u00e3o reconhecidos \u00e0 decadas por sua for\u00e7a e resist\u00eancia. Fabricamos em diversas medidas para atender ao&hellip;<\/p>\n","protected":false},"author":1,"featured_media":705,"parent":0,"menu_order":0,"comment_status":"closed","ping_status":"closed","template":"","meta":{"_monsterinsights_skip_tracking":false,"_monsterinsights_sitenote_active":false,"_monsterinsights_sitenote_note":"","_monsterinsights_sitenote_category":0},"_links":{"self":[{"href":"https:\/\/betonbento.com.br\/index.php\/wp-json\/wp\/v2\/pages\/704"}],"collection":[{"href":"https:\/\/betonbento.com.br\/index.php\/wp-json\/wp\/v2\/pages"}],"about":[{"href":"https:\/\/betonbento.com.br\/index.php\/wp-json\/wp\/v2\/types\/page"}],"author":[{"embeddable":true,"href":"https:\/\/betonbento.com.br\/index.php\/wp-json\/wp\/v2\/users\/1"}],"replies":[{"embeddable":true,"href":"https:\/\/betonbento.com.br\/index.php\/wp-json\/wp\/v2\/comments?post=704"}],"version-history":[{"count":5,"href":"https:\/\/betonbento.com.br\/index.php\/wp-json\/wp\/v2\/pages\/704\/revisions"}],"predecessor-version":[{"id":795,"href":"https:\/\/betonbento.com.br\/index.php\/wp-json\/wp\/v2\/pages\/704\/revisions\/795"}],"wp:featuredmedia":[{"embeddable":true,"href":"https:\/\/betonbento.com.br\/index.php\/wp-json\/wp\/v2\/media\/705"}],"wp:attachment":[{"href":"https:\/\/betonbento.com.br\/index.php\/wp-json\/wp\/v2\/media?parent=704"}],"curies":[{"name":"wp","href":"https:\/\/api.w.org\/{rel}","templated":true}]}}