{"id":749,"date":"2021-05-29T21:12:43","date_gmt":"2021-05-30T00:12:43","guid":{"rendered":"http:\/\/betonbento.com.br\/?page_id=749"},"modified":"2021-05-29T22:23:33","modified_gmt":"2021-05-30T01:23:33","slug":"30-anos-de-experiencia","status":"publish","type":"page","link":"https:\/\/betonbento.com.br\/index.php\/30-anos-de-experiencia\/","title":{"rendered":"30 anos de experi\u00eancia!"},"content":{"rendered":"\n<p>Fundada em 17 de junho de 1971 pelos irm\u00e3os e engenheiros S\u00e9rgio e M\u00e1rcio Bento, em Caranda\u00ed, Minas Gerais, este ano a Beton Bento faz hist\u00f3ria.<\/p>\n\n\n\n<p>H\u00e1 30 anos atua em obras de pequeno, m\u00e9dio e grande porte nas \u00e1reas residenciais, comerciais, industriais e tamb\u00e9m p\u00fabllicas. \u00c9 refer\u00eancia em artefatos como blocos de concreto, lajes pr\u00e9-moldadas, blocos sextavados, mour\u00f5es tem se destacado no fornecimento de galp\u00f5es pr\u00e9-fabricados de concreto.<\/p>\n\n\n\n<p>A palavra &#8220;Beton&#8221; vem do franc\u00eas e significa &#8220;concreto&#8221;. Com o sobrenome Bento dos irm\u00e3os, o nome faz refer\u00eancia a qualidade t\u00e9cnica em engenharia aplicada \u00e0 produtos em concreto.<\/p>\n\n\n\n<p>Entre em contato, solicite seu or\u00e7amento, e fa\u00e7a parte da hist\u00f3ria de milhares de clientes que hoje usufruem da qualidade dos produtos Beton Bento!<\/p>\n","protected":false},"excerpt":{"rendered":"<p>Fundada em 17 de junho de 1971 pelos irm\u00e3os e engenheiros S\u00e9rgio e M\u00e1rcio Bento, em Caranda\u00ed, Minas Gerais, este ano a Beton Bento faz&hellip;<\/p>\n","protected":false},"author":1,"featured_media":750,"parent":0,"menu_order":0,"comment_status":"closed","ping_status":"closed","template":"","meta":{"_monsterinsights_skip_tracking":false,"_monsterinsights_sitenote_active":false,"_monsterinsights_sitenote_note":"","_monsterinsights_sitenote_category":0},"_links":{"self":[{"href":"https:\/\/betonbento.com.br\/index.php\/wp-json\/wp\/v2\/pages\/749"}],"collection":[{"href":"https:\/\/betonbento.com.br\/index.php\/wp-json\/wp\/v2\/pages"}],"about":[{"href":"https:\/\/betonbento.com.br\/index.php\/wp-json\/wp\/v2\/types\/page"}],"author":[{"embeddable":true,"href":"https:\/\/betonbento.com.br\/index.php\/wp-json\/wp\/v2\/users\/1"}],"replies":[{"embeddable":true,"href":"https:\/\/betonbento.com.br\/index.php\/wp-json\/wp\/v2\/comments?post=749"}],"version-history":[{"count":2,"href":"https:\/\/betonbento.com.br\/index.php\/wp-json\/wp\/v2\/pages\/749\/revisions"}],"predecessor-version":[{"id":814,"href":"https:\/\/betonbento.com.br\/index.php\/wp-json\/wp\/v2\/pages\/749\/revisions\/814"}],"wp:featuredmedia":[{"embeddable":true,"href":"https:\/\/betonbento.com.br\/index.php\/wp-json\/wp\/v2\/media\/750"}],"wp:attachment":[{"href":"https:\/\/betonbento.com.br\/index.php\/wp-json\/wp\/v2\/media?parent=749"}],"curies":[{"name":"wp","href":"https:\/\/api.w.org\/{rel}","templated":true}]}}