{"id":800,"date":"2021-05-29T22:12:33","date_gmt":"2021-05-30T01:12:33","guid":{"rendered":"http:\/\/betonbento.com.br\/?page_id=800"},"modified":"2021-07-04T22:31:19","modified_gmt":"2021-07-05T01:31:19","slug":"diversos","status":"publish","type":"page","link":"https:\/\/betonbento.com.br\/index.php\/diversos\/","title":{"rendered":"Diversos"},"content":{"rendered":"\n<p>Pe\u00e7as em concreto diversas como bloquetes, pingadeiras, mour\u00f5es, piso de jardim, caixa de passagem, caixa de gordura e mais. Entre em contato e fa\u00e7a seu or\u00e7amento!<\/p>\n\n\n\n<figure class=\"wp-block-table is-style-stripes\"><table><thead><tr><th class=\"has-text-align-left\" data-align=\"left\">Tipo<\/th><th class=\"has-text-align-left\" data-align=\"left\">Dimens\u00f5es (cm)<\/th><\/tr><\/thead><tbody><tr><td class=\"has-text-align-left\" data-align=\"left\">MOUR\u00c3O RETO 12<\/td><td class=\"has-text-align-left\" data-align=\"left\">12x12x270<\/td><\/tr><tr><td class=\"has-text-align-left\" data-align=\"left\">MOUR\u00c3O RETO 10<\/td><td class=\"has-text-align-left\" data-align=\"left\">10x10x270<\/td><\/tr><tr><td class=\"has-text-align-left\" data-align=\"left\">MOUR\u00c3O ESTICADOR<\/td><td class=\"has-text-align-left\" data-align=\"left\">230 ALTURA<\/td><\/tr><tr><td class=\"has-text-align-left\" data-align=\"left\">PINGADEIRA<\/td><td class=\"has-text-align-left\" data-align=\"left\">100&#215;25<\/td><\/tr><tr><td class=\"has-text-align-left\" data-align=\"left\">PISO JARDIM<\/td><td class=\"has-text-align-left\" data-align=\"left\">40&#215;40<\/td><\/tr><\/tbody><\/table><\/figure>\n\n\n\n<figure class=\"wp-block-image size-large\"><img loading=\"lazy\" width=\"768\" height=\"1024\" src=\"https:\/\/betonbento.com.br\/wp-content\/uploads\/2021\/07\/WhatsApp-Image-2021-07-01-at-11.59.18-1-768x1024.jpeg\" alt=\"\" class=\"wp-image-851\" srcset=\"https:\/\/betonbento.com.br\/wp-content\/uploads\/2021\/07\/WhatsApp-Image-2021-07-01-at-11.59.18-1-768x1024.jpeg 768w, https:\/\/betonbento.com.br\/wp-content\/uploads\/2021\/07\/WhatsApp-Image-2021-07-01-at-11.59.18-1-225x300.jpeg 225w, https:\/\/betonbento.com.br\/wp-content\/uploads\/2021\/07\/WhatsApp-Image-2021-07-01-at-11.59.18-1.jpeg 960w\" sizes=\"(max-width: 768px) 100vw, 768px\" \/><figcaption>Pingadeiras<\/figcaption><\/figure>\n\n\n\n<figure class=\"wp-block-image size-large\"><img loading=\"lazy\" width=\"803\" height=\"1024\" src=\"http:\/\/betonbento.com.br\/wp-content\/uploads\/2021\/05\/Mouroes-803x1024.jpg\" alt=\"\" class=\"wp-image-804\" srcset=\"https:\/\/betonbento.com.br\/wp-content\/uploads\/2021\/05\/Mouroes-803x1024.jpg 803w, https:\/\/betonbento.com.br\/wp-content\/uploads\/2021\/05\/Mouroes-235x300.jpg 235w, https:\/\/betonbento.com.br\/wp-content\/uploads\/2021\/05\/Mouroes-768x979.jpg 768w, https:\/\/betonbento.com.br\/wp-content\/uploads\/2021\/05\/Mouroes.jpg 977w\" sizes=\"(max-width: 803px) 100vw, 803px\" \/><\/figure>\n\n\n\n<p><\/p>\n","protected":false},"excerpt":{"rendered":"<p>Pe\u00e7as em concreto diversas como bloquetes, pingadeiras, mour\u00f5es, piso de jardim, caixa de passagem, caixa de gordura e mais. Entre em contato e fa\u00e7a seu&hellip;<\/p>\n","protected":false},"author":1,"featured_media":803,"parent":0,"menu_order":0,"comment_status":"closed","ping_status":"closed","template":"","meta":{"_monsterinsights_skip_tracking":false,"_monsterinsights_sitenote_active":false,"_monsterinsights_sitenote_note":"","_monsterinsights_sitenote_category":0},"_links":{"self":[{"href":"https:\/\/betonbento.com.br\/index.php\/wp-json\/wp\/v2\/pages\/800"}],"collection":[{"href":"https:\/\/betonbento.com.br\/index.php\/wp-json\/wp\/v2\/pages"}],"about":[{"href":"https:\/\/betonbento.com.br\/index.php\/wp-json\/wp\/v2\/types\/page"}],"author":[{"embeddable":true,"href":"https:\/\/betonbento.com.br\/index.php\/wp-json\/wp\/v2\/users\/1"}],"replies":[{"embeddable":true,"href":"https:\/\/betonbento.com.br\/index.php\/wp-json\/wp\/v2\/comments?post=800"}],"version-history":[{"count":4,"href":"https:\/\/betonbento.com.br\/index.php\/wp-json\/wp\/v2\/pages\/800\/revisions"}],"predecessor-version":[{"id":852,"href":"https:\/\/betonbento.com.br\/index.php\/wp-json\/wp\/v2\/pages\/800\/revisions\/852"}],"wp:featuredmedia":[{"embeddable":true,"href":"https:\/\/betonbento.com.br\/index.php\/wp-json\/wp\/v2\/media\/803"}],"wp:attachment":[{"href":"https:\/\/betonbento.com.br\/index.php\/wp-json\/wp\/v2\/media?parent=800"}],"curies":[{"name":"wp","href":"https:\/\/api.w.org\/{rel}","templated":true}]}}